{"id":1211,"date":"2024-07-13T08:32:01","date_gmt":"2024-07-13T06:32:01","guid":{"rendered":"https:\/\/www.tosiani.com\/?page_id=1211"},"modified":"2024-11-07T13:43:54","modified_gmt":"2024-11-07T12:43:54","slug":"corsi-di-oreficeria","status":"publish","type":"page","link":"https:\/\/www.tosiani.com\/index.php\/corsi-di-oreficeria\/","title":{"rendered":"Corsi di oreficeria"},"content":{"rendered":"\n<p>La metodologia dell\u2019 imparare facendo (al banco di lavoro dalla prima lezione) permette un continuo scambio di idee ed esperienze tra chi impara e chi insegna, che alla fine garantir\u00e0 opere artistiche con uno stile personalizzato, che possono diventare prodotti vendibili nel mercato, o semplicemente un hobby creativo e rilassante. Se vuoi imparare lavorando con me, ti offro dei moduli di formazione per ogni tecnica che desideri imparare. Ogni modulo ha una durata di 2-4 lezioni, eccetto il<strong> modulo di base<\/strong> che ha una durata di 5 lezioni ed \u00e8 requisito per fare qualsiasi altra lezione specifica.<\/p>\n\n\n\n<figure class=\"wp-block-image size-full is-resized\"><img loading=\"lazy\" decoding=\"async\" width=\"775\" height=\"558\" src=\"https:\/\/www.tosiani.com\/wp-content\/uploads\/2024\/07\/Image10.jpg\" alt=\"\" class=\"wp-image-1330\" style=\"width:275px;height:auto\" srcset=\"https:\/\/www.tosiani.com\/wp-content\/uploads\/2024\/07\/Image10.jpg 775w, https:\/\/www.tosiani.com\/wp-content\/uploads\/2024\/07\/Image10-300x216.jpg 300w, https:\/\/www.tosiani.com\/wp-content\/uploads\/2024\/07\/Image10-768x553.jpg 768w\" sizes=\"auto, (max-width: 775px) 100vw, 775px\" \/><\/figure>\n\n\n\n<p>Per essere contattato quando inizieremo un corso di oreficeria, lascia i tuoi dati:<\/p>\n\n\n\n<div class=\"wpcf7 no-js\" id=\"wpcf7-f1296-o1\" lang=\"it-IT\" dir=\"ltr\" data-wpcf7-id=\"1296\">\n<div class=\"screen-reader-response\"><p role=\"status\" aria-live=\"polite\" aria-atomic=\"true\"><\/p> <ul><\/ul><\/div>\n<form action=\"\/index.php\/wp-json\/wp\/v2\/pages\/1211#wpcf7-f1296-o1\" method=\"post\" class=\"wpcf7-form init\" aria-label=\"Modulo di contatto\" novalidate=\"novalidate\" data-status=\"init\">\n<fieldset class=\"hidden-fields-container\"><input type=\"hidden\" name=\"_wpcf7\" value=\"1296\" \/><input type=\"hidden\" name=\"_wpcf7_version\" value=\"6.1.4\" \/><input type=\"hidden\" name=\"_wpcf7_locale\" value=\"it_IT\" \/><input type=\"hidden\" name=\"_wpcf7_unit_tag\" value=\"wpcf7-f1296-o1\" \/><input type=\"hidden\" name=\"_wpcf7_container_post\" value=\"0\" \/><input type=\"hidden\" name=\"_wpcf7_posted_data_hash\" value=\"\" \/>\n<\/fieldset>\n<p><label> Il tuo nome<br \/>\n<span class=\"wpcf7-form-control-wrap\" data-name=\"your-name\"><input size=\"40\" maxlength=\"400\" class=\"wpcf7-form-control wpcf7-text wpcf7-validates-as-required\" autocomplete=\"name\" aria-required=\"true\" aria-invalid=\"false\" value=\"\" type=\"text\" name=\"your-name\" \/><\/span> <\/label>\n<\/p>\n<p><label> La tua email<br \/>\n<span class=\"wpcf7-form-control-wrap\" data-name=\"your-email\"><input size=\"40\" maxlength=\"400\" class=\"wpcf7-form-control wpcf7-email wpcf7-validates-as-required wpcf7-text wpcf7-validates-as-email\" autocomplete=\"email\" aria-required=\"true\" aria-invalid=\"false\" value=\"\" type=\"email\" name=\"your-email\" \/><\/span> <\/label>\n<\/p>\n<p><label> Telefono<br \/>\n<span class=\"wpcf7-form-control-wrap\" data-name=\"telefono\"><input size=\"40\" maxlength=\"400\" class=\"wpcf7-form-control wpcf7-tel wpcf7-text wpcf7-validates-as-tel\" aria-invalid=\"false\" value=\"\" type=\"tel\" name=\"telefono\" \/><\/span> <\/label>\n<\/p>\n<p><label> Il tuo messaggio (facoltativo)<br \/>\n<span class=\"wpcf7-form-control-wrap\" data-name=\"message\"><textarea cols=\"40\" rows=\"10\" maxlength=\"2000\" class=\"wpcf7-form-control wpcf7-textarea wpcf7-validates-as-required\" aria-required=\"true\" aria-invalid=\"false\" name=\"message\"><\/textarea><\/span> <\/label>\n<\/p>\n<p><input class=\"wpcf7-form-control wpcf7-submit has-spinner\" type=\"submit\" value=\"Invia\" \/>\n<\/p><p style=\"display: none !important;\" class=\"akismet-fields-container\" data-prefix=\"_wpcf7_ak_\"><label>&#916;<textarea name=\"_wpcf7_ak_hp_textarea\" cols=\"45\" rows=\"8\" maxlength=\"100\"><\/textarea><\/label><input type=\"hidden\" id=\"ak_js_1\" name=\"_wpcf7_ak_js\" value=\"136\"\/><script>document.getElementById( \"ak_js_1\" ).setAttribute( \"value\", ( new Date() ).getTime() );<\/script><\/p><div class=\"wpcf7-response-output\" aria-hidden=\"true\"><\/div>\n<\/form>\n<\/div>\n\n\n\n\n<figure class=\"wp-block-image size-large is-resized\"><img loading=\"lazy\" decoding=\"async\" width=\"1024\" height=\"1024\" src=\"https:\/\/www.tosiani.com\/wp-content\/uploads\/2024\/07\/Image445-1024x1024.jpg\" alt=\"\" class=\"wp-image-1333\" style=\"width:385px;height:auto\" srcset=\"https:\/\/www.tosiani.com\/wp-content\/uploads\/2024\/07\/Image445-1024x1024.jpg 1024w, https:\/\/www.tosiani.com\/wp-content\/uploads\/2024\/07\/Image445-300x300.jpg 300w, https:\/\/www.tosiani.com\/wp-content\/uploads\/2024\/07\/Image445-150x150.jpg 150w, https:\/\/www.tosiani.com\/wp-content\/uploads\/2024\/07\/Image445-768x768.jpg 768w, https:\/\/www.tosiani.com\/wp-content\/uploads\/2024\/07\/Image445-100x100.jpg 100w, https:\/\/www.tosiani.com\/wp-content\/uploads\/2024\/07\/Image445-200x200.jpg 200w, https:\/\/www.tosiani.com\/wp-content\/uploads\/2024\/07\/Image445-1536x1536.jpg 1536w, https:\/\/www.tosiani.com\/wp-content\/uploads\/2024\/07\/Image445-570x570.jpg 570w, https:\/\/www.tosiani.com\/wp-content\/uploads\/2024\/07\/Image445.jpg 2000w\" sizes=\"auto, (max-width: 1024px) 100vw, 1024px\" \/><\/figure>\n\n\n\n<p><strong>CORSO BASE<\/strong><\/p>\n\n\n\n<p>Corso base d\u2019iniziazione<br>Questo corso \u00e8 la base per poter fare dopo altri corsi specifici. Nel corso base si imparer\u00e0 a usare:<\/p>\n\n\n\n<ul class=\"wp-block-list\">\n<li>Il seghetto orafo per taglio e traforo<\/li>\n\n\n\n<li>Le lime e carta smeriglio<\/li>\n\n\n\n<li>Sgrossatura e lucidatura con il micromotore<\/li>\n\n\n\n<li>Realizzare fori e inserire rivetti<\/li>\n\n\n\n<li>Uso dei martelli, frese diamantate, e attrezzi per diverse testure e rifiniture come lucida, sabbiata, diamantata, opaca.<\/li>\n\n\n\n<li>Uso del cannello e nozioni sul metallo (rame, ottone e argento) crudo e cotto.<\/li>\n\n\n\n<li>Brasatura o giunzioni tra pezzi metallici di materiali non ferrosi. Giunzione di lastra con lastra, lastra con filo, filo con filo.<\/li>\n\n\n\n<li>Uso corretto del flussante, e decapante.<br>Progetti:<\/li>\n\n\n\n<li>Elaborazione di un pendente con disegno personalizzato, dove sono presenti parti con rivetti.<\/li>\n\n\n\n<li>Realizzare un anello a fascia, nella misura e con la finitura desiderata (opaca, lucida o altre testure)<\/li>\n\n\n\n<li>Realizzare un anello a cupola, nella misura e con la finitura desiderata (opaco, lucido o altre testure).<br>Durata del corso:<br>Questo corso base si far\u00e0 in 5 giorni dalle 9:00-12:00, poi nel pomeriggio (orario da concordare) lo studente avr\u00e0 il posto e gli attrezzi disponibili se ha bisogno di concludere il lavoro o progetto.<br>Investimento:<br>L\u2019investimento per acquistare questo \u201csaper fare\u201d \u00e8 di: 360 Euro. Tutti i materiali consumabili sono inclusi nell\u2019investimento.<\/li>\n<\/ul>\n\n\n\n<figure class=\"wp-block-image size-large is-resized\"><img loading=\"lazy\" decoding=\"async\" width=\"1024\" height=\"760\" src=\"https:\/\/www.tosiani.com\/wp-content\/uploads\/2024\/07\/Image1-1024x760.jpg\" alt=\"\" class=\"wp-image-1335\" style=\"width:458px;height:auto\" srcset=\"https:\/\/www.tosiani.com\/wp-content\/uploads\/2024\/07\/Image1-1024x760.jpg 1024w, https:\/\/www.tosiani.com\/wp-content\/uploads\/2024\/07\/Image1-300x223.jpg 300w, https:\/\/www.tosiani.com\/wp-content\/uploads\/2024\/07\/Image1-768x570.jpg 768w, https:\/\/www.tosiani.com\/wp-content\/uploads\/2024\/07\/Image1-1536x1140.jpg 1536w, https:\/\/www.tosiani.com\/wp-content\/uploads\/2024\/07\/Image1-2048x1520.jpg 2048w\" sizes=\"auto, (max-width: 1024px) 100vw, 1024px\" \/><\/figure>\n\n\n\n<p><strong>Gioielli realizzati con pietra ricostituita<\/strong><\/p>\n\n\n\n<p>NOTA: Per realizzare questo corso, \u00e8 requisito aver fatto il corso d\u2019iniziazione. In caso contrario, l\u2019allievo dovr\u00e0 avere esperienza in lavori di oreficeria.<br>La pietra ricostituita \u00e8 un termine generico che si riferisce a una pietra che \u00e8 stata creata artificialmente combinando frammenti o polvere di pietra naturale con leganti o resine. Questo processo viene utilizzato per creare gemme che imitano l&#8217;aspetto di pietre preziose naturali a un costo inferiore. La pietra ricostituita combina frammenti di pietre naturali con materiali leganti, che possono includere resine epossidiche, polimeri o altri materiali simili. Questo processo pu\u00f2 essere utilizzato per creare gemme di vari colori, forme e dimensioni, sono utilizzate nei gioielli come alternative economiche alle pietre naturali.<br>Progetti:<br>Creazione di un anello tipo Bulgari, per essere riempito con pietra ricostituita.<br>Creazione di un ciondolo per essere riempito con pietra ricostituita,<br>Durata del corso:<br>Questo corso base si far\u00e0 in 3 giorni dalle 9:00-12:00, poi nel pomeriggio (orario da concordare) lo studente avr\u00e0 il posto e gli attrezzi disponibili se ha bisogno di concludere il lavoro o progetto.<br>Per chi no ha tempo in settimana, ci sar\u00e0 la opzione weekend dalle 9:00-13:00 sabato e domenica, con pausa pranzo e pomeriggio dalle 15:00-17:00 .<br>Investimento:<br>L\u2019investimento per acquistare questo \u201csaper fare\u201d \u00e8 di: 216 Euro. Tutti i materiali consumabili sono inclusi nell\u2019investimento.<\/p>\n\n\n\n<figure class=\"wp-block-image size-large is-resized\"><img loading=\"lazy\" decoding=\"async\" width=\"1024\" height=\"651\" src=\"https:\/\/www.tosiani.com\/wp-content\/uploads\/2024\/07\/Image7-1024x651.jpg\" alt=\"\" class=\"wp-image-1337\" style=\"width:355px;height:auto\" srcset=\"https:\/\/www.tosiani.com\/wp-content\/uploads\/2024\/07\/Image7-1024x651.jpg 1024w, https:\/\/www.tosiani.com\/wp-content\/uploads\/2024\/07\/Image7-300x191.jpg 300w, https:\/\/www.tosiani.com\/wp-content\/uploads\/2024\/07\/Image7-768x488.jpg 768w, https:\/\/www.tosiani.com\/wp-content\/uploads\/2024\/07\/Image7-1536x976.jpg 1536w, https:\/\/www.tosiani.com\/wp-content\/uploads\/2024\/07\/Image7.jpg 1548w\" sizes=\"auto, (max-width: 1024px) 100vw, 1024px\" \/><\/figure>\n\n\n\n<p><strong>Incastonatura a cabochon<\/strong><br>Se impari a incastonare un cabochon, avrai in mano una perizia che ti permetter\u00e0 creare molti modelli di anelli, bracciali e ciondoli, dove la pietra sar\u00e0 il centro della scena. Troverai nel mercato decine di modelli dove la pietra viene fissata con la colla (VIETATO, NON SI FA). La maggior parte delle pietre per cabochon sono rotonde o ovale con la base piatta. Per incastonare la pietra, prima faremmo il castone con la forma e dimensioni della pietra. Questo castone sar\u00e0 una base circondata da una fascia di metallo, la si inserisce la pietra nella cavit\u00e0 e poi si ribatte l&#8217;orlo in modo che il metallo aderisca al bordo della pietra. Il castone pu\u00f2 essere semplice, o pu\u00f2 avere decorazioni nella parte esterna.<br>Progetti:<br>Ciondolo con pietra cabochon ovale o rotonda<br>Anello o bracciale con pietra cabochon ovale o rotonda<br>Durata del corso:<br>Questo corso base si far\u00e0 in 3 giorni dalle 9:00-12:00, poi nel pomeriggio (orario da concordare) lo studente avr\u00e0 il posto e gli attrezzi disponibili se ha bisogno di concludere il lavoro o progetto.<br>Per chi no ha tempo in settimana, ci sar\u00e0 la opzione weekend dalle 9:00-13:00 sabato e domenica, con pausa pranzo e pomeriggio dalle 15:00-17:00 .<br>Investimento:<br>L\u2019investimento per acquistare questo \u201csaper fare\u201d \u00e8 di: 216 Euro. Tutti i materiali consumabili sono inclusi nell\u2019investimento.<\/p>\n\n\n\n<figure class=\"wp-block-image size-large is-resized\"><img loading=\"lazy\" decoding=\"async\" width=\"1024\" height=\"1024\" src=\"https:\/\/www.tosiani.com\/wp-content\/uploads\/2024\/07\/IMG_20201025_193605-1024x1024.jpg\" alt=\"\" class=\"wp-image-1338\" style=\"width:383px;height:auto\" srcset=\"https:\/\/www.tosiani.com\/wp-content\/uploads\/2024\/07\/IMG_20201025_193605-1024x1024.jpg 1024w, https:\/\/www.tosiani.com\/wp-content\/uploads\/2024\/07\/IMG_20201025_193605-300x300.jpg 300w, https:\/\/www.tosiani.com\/wp-content\/uploads\/2024\/07\/IMG_20201025_193605-150x150.jpg 150w, https:\/\/www.tosiani.com\/wp-content\/uploads\/2024\/07\/IMG_20201025_193605-768x768.jpg 768w, https:\/\/www.tosiani.com\/wp-content\/uploads\/2024\/07\/IMG_20201025_193605-100x100.jpg 100w, https:\/\/www.tosiani.com\/wp-content\/uploads\/2024\/07\/IMG_20201025_193605-200x200.jpg 200w, https:\/\/www.tosiani.com\/wp-content\/uploads\/2024\/07\/IMG_20201025_193605-1536x1536.jpg 1536w, https:\/\/www.tosiani.com\/wp-content\/uploads\/2024\/07\/IMG_20201025_193605-570x570.jpg 570w, https:\/\/www.tosiani.com\/wp-content\/uploads\/2024\/07\/IMG_20201025_193605.jpg 1997w\" sizes=\"auto, (max-width: 1024px) 100vw, 1024px\" \/><\/figure>\n\n\n\n<figure class=\"wp-block-image size-large is-resized\"><img loading=\"lazy\" decoding=\"async\" width=\"768\" height=\"1024\" src=\"https:\/\/www.tosiani.com\/wp-content\/uploads\/2024\/07\/IMG20210308155736-768x1024.jpg\" alt=\"\" class=\"wp-image-1340\" style=\"width:339px;height:auto\" srcset=\"https:\/\/www.tosiani.com\/wp-content\/uploads\/2024\/07\/IMG20210308155736-768x1024.jpg 768w, https:\/\/www.tosiani.com\/wp-content\/uploads\/2024\/07\/IMG20210308155736-225x300.jpg 225w, https:\/\/www.tosiani.com\/wp-content\/uploads\/2024\/07\/IMG20210308155736-1152x1536.jpg 1152w, https:\/\/www.tosiani.com\/wp-content\/uploads\/2024\/07\/IMG20210308155736-1536x2048.jpg 1536w, https:\/\/www.tosiani.com\/wp-content\/uploads\/2024\/07\/IMG20210308155736-scaled.jpg 1920w\" sizes=\"auto, (max-width: 768px) 100vw, 768px\" \/><\/figure>\n\n\n\n<p><\/p>\n\n\n\n<figure class=\"wp-block-image size-large is-resized\"><img loading=\"lazy\" decoding=\"async\" width=\"1024\" height=\"880\" src=\"https:\/\/www.tosiani.com\/wp-content\/uploads\/2024\/07\/Image9-1-1024x880.jpg\" alt=\"\" class=\"wp-image-1332\" style=\"width:321px;height:auto\" srcset=\"https:\/\/www.tosiani.com\/wp-content\/uploads\/2024\/07\/Image9-1-1024x880.jpg 1024w, https:\/\/www.tosiani.com\/wp-content\/uploads\/2024\/07\/Image9-1-300x258.jpg 300w, https:\/\/www.tosiani.com\/wp-content\/uploads\/2024\/07\/Image9-1-768x660.jpg 768w, https:\/\/www.tosiani.com\/wp-content\/uploads\/2024\/07\/Image9-1-1536x1320.jpg 1536w, https:\/\/www.tosiani.com\/wp-content\/uploads\/2024\/07\/Image9-1-2048x1760.jpg 2048w\" sizes=\"auto, (max-width: 1024px) 100vw, 1024px\" \/><\/figure>\n","protected":false},"excerpt":{"rendered":"<p>La metodologia dell\u2019 imparare facendo (al banco di lavoro dalla prima lezione) permette un continuo scambio di idee ed esperienze tra chi impara e chi insegna, che alla fine garantir\u00e0 &hellip; <\/p>\n","protected":false},"author":1,"featured_media":0,"parent":0,"menu_order":0,"comment_status":"closed","ping_status":"closed","template":"","meta":{"footnotes":""},"class_list":["post-1211","page","type-page","status-publish","hentry"],"_links":{"self":[{"href":"https:\/\/www.tosiani.com\/index.php\/wp-json\/wp\/v2\/pages\/1211","targetHints":{"allow":["GET"]}}],"collection":[{"href":"https:\/\/www.tosiani.com\/index.php\/wp-json\/wp\/v2\/pages"}],"about":[{"href":"https:\/\/www.tosiani.com\/index.php\/wp-json\/wp\/v2\/types\/page"}],"author":[{"embeddable":true,"href":"https:\/\/www.tosiani.com\/index.php\/wp-json\/wp\/v2\/users\/1"}],"replies":[{"embeddable":true,"href":"https:\/\/www.tosiani.com\/index.php\/wp-json\/wp\/v2\/comments?post=1211"}],"version-history":[{"count":20,"href":"https:\/\/www.tosiani.com\/index.php\/wp-json\/wp\/v2\/pages\/1211\/revisions"}],"predecessor-version":[{"id":1350,"href":"https:\/\/www.tosiani.com\/index.php\/wp-json\/wp\/v2\/pages\/1211\/revisions\/1350"}],"wp:attachment":[{"href":"https:\/\/www.tosiani.com\/index.php\/wp-json\/wp\/v2\/media?parent=1211"}],"curies":[{"name":"wp","href":"https:\/\/api.w.org\/{rel}","templated":true}]}}