{"id":1190,"date":"2024-07-12T12:40:38","date_gmt":"2024-07-12T10:40:38","guid":{"rendered":"https:\/\/www.tosiani.com\/?page_id=1190"},"modified":"2024-07-13T10:10:22","modified_gmt":"2024-07-13T08:10:22","slug":"tosiani-art-dove-un-altro-gioiello-e-possibile","status":"publish","type":"page","link":"https:\/\/www.tosiani.com\/","title":{"rendered":"Tosiani Art, dove un altro gioiello \u00e8 possibile"},"content":{"rendered":"\n<p>Tosiani Art, artigiani che disegnano gioielli allo stile &#8220;un altro gioiello \u00e8 possibile&#8221;. Tutti i nostri lavori sono totalmente realizzata a mano, e in conseguenza nostra produzione \u00e8 limitata in quantit\u00e0. Vedi nostra galleria.<\/p>\n\n\n\n<p><\/p>\n","protected":false},"excerpt":{"rendered":"<p>Tosiani Art, artigiani che disegnano gioielli allo stile &#8220;un altro gioiello \u00e8 possibile&#8221;. Tutti i nostri lavori sono totalmente realizzata a mano, e in conseguenza nostra produzione \u00e8 limitata in &hellip; <\/p>\n","protected":false},"author":1,"featured_media":0,"parent":0,"menu_order":0,"comment_status":"closed","ping_status":"closed","template":"","meta":{"footnotes":""},"class_list":["post-1190","page","type-page","status-publish","hentry"],"_links":{"self":[{"href":"https:\/\/www.tosiani.com\/index.php\/wp-json\/wp\/v2\/pages\/1190","targetHints":{"allow":["GET"]}}],"collection":[{"href":"https:\/\/www.tosiani.com\/index.php\/wp-json\/wp\/v2\/pages"}],"about":[{"href":"https:\/\/www.tosiani.com\/index.php\/wp-json\/wp\/v2\/types\/page"}],"author":[{"embeddable":true,"href":"https:\/\/www.tosiani.com\/index.php\/wp-json\/wp\/v2\/users\/1"}],"replies":[{"embeddable":true,"href":"https:\/\/www.tosiani.com\/index.php\/wp-json\/wp\/v2\/comments?post=1190"}],"version-history":[{"count":2,"href":"https:\/\/www.tosiani.com\/index.php\/wp-json\/wp\/v2\/pages\/1190\/revisions"}],"predecessor-version":[{"id":1205,"href":"https:\/\/www.tosiani.com\/index.php\/wp-json\/wp\/v2\/pages\/1190\/revisions\/1205"}],"wp:attachment":[{"href":"https:\/\/www.tosiani.com\/index.php\/wp-json\/wp\/v2\/media?parent=1190"}],"curies":[{"name":"wp","href":"https:\/\/api.w.org\/{rel}","templated":true}]}}